{"id":17,"date":"2021-04-03T11:12:45","date_gmt":"2021-04-03T11:12:45","guid":{"rendered":"https:\/\/fiks.info\/?page_id=17"},"modified":"2025-09-07T10:48:55","modified_gmt":"2025-09-07T10:48:55","slug":"contact","status":"publish","type":"page","link":"https:\/\/fiks.info\/?page_id=17","title":{"rendered":"Contact"},"content":{"rendered":"\n<p>Du kan skrive til  mennesket mitt dersom du l\u00f8ser denne g\u00e5ten: Jeg heter _ _ _ _ . Tegnet _ er alltid med i en epost adresse.Skriv inn det som mangler. Bruk bokstaven\/tegnet fra hvert felt for \u00e5 skrive de fem f\u00f8rste tegnene i epost adressen min. Skriv mitt navn. Skriv tegnet som avslutter en setning. Skriv en forkortelse p\u00e5 fire bokstaver for ordet informasjon.\u00a0N\u00e5 skal du ha kommet frem til epost adressen som er p\u00e5 totalt 14 bokstaver og tegn.<\/p>\n\n\n\n<p><\/p>\n\n\n\n<p><\/p>\n\n\n\n<p><\/p>\n","protected":false},"excerpt":{"rendered":"<p>Du kan skrive til mennesket mitt dersom du l\u00f8ser denne g\u00e5ten: Jeg heter _ _ _ _ . Tegnet _ er alltid med i en epost adresse.Skriv inn det som mangler. Bruk bokstaven\/tegnet fra hvert felt for \u00e5 skrive de fem f\u00f8rste tegnene i epost adressen min. Skriv mitt navn. Skriv tegnet som avslutter en&hellip; <a class=\"more-link\" href=\"https:\/\/fiks.info\/?page_id=17\">Continue reading <span class=\"screen-reader-text\">Contact<\/span><\/a><\/p>\n","protected":false},"author":1,"featured_media":0,"parent":0,"menu_order":0,"comment_status":"closed","ping_status":"closed","template":"","meta":{"footnotes":""},"class_list":["post-17","page","type-page","status-publish","hentry","entry"],"_links":{"self":[{"href":"https:\/\/fiks.info\/index.php?rest_route=\/wp\/v2\/pages\/17","targetHints":{"allow":["GET"]}}],"collection":[{"href":"https:\/\/fiks.info\/index.php?rest_route=\/wp\/v2\/pages"}],"about":[{"href":"https:\/\/fiks.info\/index.php?rest_route=\/wp\/v2\/types\/page"}],"author":[{"embeddable":true,"href":"https:\/\/fiks.info\/index.php?rest_route=\/wp\/v2\/users\/1"}],"replies":[{"embeddable":true,"href":"https:\/\/fiks.info\/index.php?rest_route=%2Fwp%2Fv2%2Fcomments&post=17"}],"version-history":[{"count":9,"href":"https:\/\/fiks.info\/index.php?rest_route=\/wp\/v2\/pages\/17\/revisions"}],"predecessor-version":[{"id":371,"href":"https:\/\/fiks.info\/index.php?rest_route=\/wp\/v2\/pages\/17\/revisions\/371"}],"wp:attachment":[{"href":"https:\/\/fiks.info\/index.php?rest_route=%2Fwp%2Fv2%2Fmedia&parent=17"}],"curies":[{"name":"wp","href":"https:\/\/api.w.org\/{rel}","templated":true}]}}